{"id":83,"date":"2025-07-27T16:57:19","date_gmt":"2025-07-27T16:57:19","guid":{"rendered":"https:\/\/malmgren.fi\/?page_id=83"},"modified":"2025-12-12T16:45:27","modified_gmt":"2025-12-12T16:45:27","slug":"contact-us","status":"publish","type":"page","link":"https:\/\/malmgren.fi\/?page_id=83","title":{"rendered":"Ota yhteytt\u00e4"},"content":{"rendered":"\n<h2 class=\"wp-block-heading\">Ota yhteytt\u00e4<\/h2>\n\n\n\n<p><\/p>\n\n\n<style id=\"wpforms-css-vars-30-block-29f9e714-90f5-4f7f-bcd4-523e3dcc5a8d\">\n\t\t\t\t#wpforms-30.wpforms-block-29f9e714-90f5-4f7f-bcd4-523e3dcc5a8d {\n\t\t\t\t--wpforms-field-size-input-height: 43px;\n--wpforms-field-size-input-spacing: 15px;\n--wpforms-field-size-font-size: 16px;\n--wpforms-field-size-line-height: 19px;\n--wpforms-field-size-padding-h: 14px;\n--wpforms-field-size-checkbox-size: 16px;\n--wpforms-field-size-sublabel-spacing: 5px;\n--wpforms-field-size-icon-size: 1;\n--wpforms-label-size-font-size: 16px;\n--wpforms-label-size-line-height: 19px;\n--wpforms-label-size-sublabel-font-size: 14px;\n--wpforms-label-size-sublabel-line-height: 17px;\n--wpforms-button-size-font-size: 17px;\n--wpforms-button-size-height: 41px;\n--wpforms-button-size-padding-h: 15px;\n--wpforms-button-size-margin-top: 10px;\n\t\t\t}\n\t\t\t<\/style><div class=\"wpforms-container wpforms-container-full wpforms-block wpforms-block-29f9e714-90f5-4f7f-bcd4-523e3dcc5a8d wpforms-render-modern\" id=\"wpforms-30\"><form id=\"wpforms-form-30\" class=\"wpforms-validate wpforms-form wpforms-ajax-form\" data-formid=\"30\" method=\"post\" enctype=\"multipart\/form-data\" action=\"\/index.php?rest_route=%2Fwp%2Fv2%2Fpages%2F83\" data-token=\"29d0eda9481b5eddf349d1901ebc80a9\" data-token-time=\"1776308806\"><noscript class=\"wpforms-error-noscript\">Please enable JavaScript in your browser to complete this form.<\/noscript><div id=\"wpforms-error-noscript\" style=\"display: none;\">Please enable JavaScript in your browser to complete this form.<\/div><div class=\"wpforms-field-container\"><div id=\"wpforms-30-field_1-container\" class=\"wpforms-field wpforms-field-name\" data-field-id=\"1\"><label class=\"wpforms-field-label\" for=\"wpforms-30-field_1\">Nimi \/ Yritys <span class=\"wpforms-required-label\" aria-hidden=\"true\">*<\/span><\/label><input type=\"text\" id=\"wpforms-30-field_1\" class=\"wpforms-field-medium wpforms-field-required\" name=\"wpforms[fields][1]\" aria-errormessage=\"wpforms-30-field_1-error\" required><\/div><div id=\"wpforms-30-field_4-container\" class=\"wpforms-field wpforms-field-name\" data-field-id=\"4\"><label class=\"wpforms-field-label\" for=\"wpforms-30-field_4\">Puhelinnumero <span class=\"wpforms-required-label\" aria-hidden=\"true\">*<\/span><\/label><input type=\"text\" id=\"wpforms-30-field_4\" class=\"wpforms-field-medium wpforms-field-required\" name=\"wpforms[fields][4]\" aria-errormessage=\"wpforms-30-field_4-error\" required><\/div>\t\t<div id=\"wpforms-30-field_5-container\"\n\t\t\tclass=\"wpforms-field wpforms-field-text\"\n\t\t\tdata-field-type=\"text\"\n\t\t\tdata-field-id=\"5\"\n\t\t\t>\n\t\t\t<label class=\"wpforms-field-label\" for=\"wpforms-30-field_5\" >S\u00e4hk\u00f6posti \/ Nimi<\/label>\n\t\t\t<input type=\"text\" id=\"wpforms-30-field_5\" class=\"wpforms-field-medium\" name=\"wpforms[fields][5]\" >\n\t\t<\/div>\n\t\t<div id=\"wpforms-30-field_2-container\" class=\"wpforms-field wpforms-field-email\" data-field-id=\"2\"><label class=\"wpforms-field-label\" for=\"wpforms-30-field_2\">S\u00e4hk\u00f6posti <span class=\"wpforms-required-label\" aria-hidden=\"true\">*<\/span><\/label><input type=\"email\" id=\"wpforms-30-field_2\" class=\"wpforms-field-medium wpforms-field-required\" name=\"wpforms[fields][2]\" spellcheck=\"false\" aria-errormessage=\"wpforms-30-field_2-error\" required><\/div><div id=\"wpforms-30-field_3-container\" class=\"wpforms-field wpforms-field-textarea\" data-field-id=\"3\"><label class=\"wpforms-field-label\" for=\"wpforms-30-field_3\">Viesti<\/label><textarea id=\"wpforms-30-field_3\" class=\"wpforms-field-medium\" name=\"wpforms[fields][3]\" aria-errormessage=\"wpforms-30-field_3-error\" ><\/textarea><\/div><script>\n\t\t\t\t( function() {\n\t\t\t\t\tconst style = document.createElement( 'style' );\n\t\t\t\t\tstyle.appendChild( document.createTextNode( '#wpforms-30-field_5-container { position: absolute !important; overflow: hidden !important; display: inline !important; height: 1px !important; width: 1px !important; z-index: -1000 !important; padding: 0 !important; } #wpforms-30-field_5-container input { visibility: hidden; } #wpforms-conversational-form-page #wpforms-30-field_5-container label { counter-increment: none; }' ) );\n\t\t\t\t\tdocument.head.appendChild( style );\n\t\t\t\t\tdocument.currentScript?.remove();\n\t\t\t\t} )();\n\t\t\t<\/script><\/div><!-- .wpforms-field-container --><div class=\"wpforms-submit-container\" ><input type=\"hidden\" name=\"wpforms[id]\" value=\"30\"><input type=\"hidden\" name=\"page_title\" value=\"\"><input type=\"hidden\" name=\"page_url\" value=\"https:\/\/malmgren.fi\/index.php?rest_route=\/wp\/v2\/pages\/83\"><input type=\"hidden\" name=\"url_referer\" value=\"\"><button type=\"submit\" name=\"wpforms[submit]\" id=\"wpforms-submit-30\" class=\"wpforms-submit\" data-alt-text=\"L\u00e4hetet\u00e4\u00e4n\" data-submit-text=\"L\u00e4het\u00e4\" aria-live=\"assertive\" value=\"wpforms-submit\">L\u00e4het\u00e4<\/button><img decoding=\"async\" src=\"https:\/\/malmgren.fi\/wp-content\/plugins\/wpforms-lite\/assets\/images\/submit-spin.svg\" class=\"wpforms-submit-spinner\" style=\"display: none;\" width=\"26\" height=\"26\" alt=\"Loading\"><\/div><\/form><\/div>  <!-- .wpforms-container -->","protected":false},"excerpt":{"rendered":"<p>Ota yhteytt\u00e4<\/p>\n","protected":false},"author":1,"featured_media":0,"parent":0,"menu_order":0,"comment_status":"closed","ping_status":"closed","template":"elementor_header_footer","meta":{"hide_page_title":"","footnotes":""},"class_list":["post-83","page","type-page","status-publish","hentry"],"yoast_head":"<!-- This site is optimized with the Yoast SEO plugin v27.4 - https:\/\/yoast.com\/product\/yoast-seo-wordpress\/ -->\n<title>Ota yhteytt\u00e4 - M. Malmgren<\/title>\n<meta name=\"robots\" content=\"index, follow, max-snippet:-1, max-image-preview:large, max-video-preview:-1\" \/>\n<link rel=\"canonical\" href=\"https:\/\/malmgren.fi\/?page_id=83\" \/>\n<meta property=\"og:locale\" content=\"fi_FI\" \/>\n<meta property=\"og:type\" content=\"article\" \/>\n<meta property=\"og:title\" content=\"Ota yhteytt\u00e4 - M. Malmgren\" \/>\n<meta property=\"og:description\" content=\"Ota yhteytt\u00e4\" \/>\n<meta property=\"og:url\" content=\"https:\/\/malmgren.fi\/?page_id=83\" \/>\n<meta property=\"og:site_name\" content=\"M. Malmgren\" \/>\n<meta property=\"article:modified_time\" content=\"2025-12-12T16:45:27+00:00\" \/>\n<meta name=\"twitter:card\" content=\"summary_large_image\" \/>\n<meta name=\"twitter:label1\" content=\"Arvioitu lukuaika\" \/>\n\t<meta name=\"twitter:data1\" content=\"1 minuutti\" \/>\n<script type=\"application\/ld+json\" class=\"yoast-schema-graph\">{\"@context\":\"https:\\\/\\\/schema.org\",\"@graph\":[{\"@type\":\"WebPage\",\"@id\":\"https:\\\/\\\/malmgren.fi\\\/?page_id=83\",\"url\":\"https:\\\/\\\/malmgren.fi\\\/?page_id=83\",\"name\":\"Ota yhteytt\u00e4 - M. Malmgren\",\"isPartOf\":{\"@id\":\"https:\\\/\\\/malmgren.fi\\\/#website\"},\"datePublished\":\"2025-07-27T16:57:19+00:00\",\"dateModified\":\"2025-12-12T16:45:27+00:00\",\"breadcrumb\":{\"@id\":\"https:\\\/\\\/malmgren.fi\\\/?page_id=83#breadcrumb\"},\"inLanguage\":\"fi\",\"potentialAction\":[{\"@type\":\"ReadAction\",\"target\":[\"https:\\\/\\\/malmgren.fi\\\/?page_id=83\"]}]},{\"@type\":\"BreadcrumbList\",\"@id\":\"https:\\\/\\\/malmgren.fi\\\/?page_id=83#breadcrumb\",\"itemListElement\":[{\"@type\":\"ListItem\",\"position\":1,\"name\":\"Etusivu\",\"item\":\"https:\\\/\\\/malmgren.fi\\\/\"},{\"@type\":\"ListItem\",\"position\":2,\"name\":\"Ota yhteytt\u00e4\"}]},{\"@type\":\"WebSite\",\"@id\":\"https:\\\/\\\/malmgren.fi\\\/#website\",\"url\":\"https:\\\/\\\/malmgren.fi\\\/\",\"name\":\"M. Malmgren\",\"description\":\"\",\"potentialAction\":[{\"@type\":\"SearchAction\",\"target\":{\"@type\":\"EntryPoint\",\"urlTemplate\":\"https:\\\/\\\/malmgren.fi\\\/?s={search_term_string}\"},\"query-input\":{\"@type\":\"PropertyValueSpecification\",\"valueRequired\":true,\"valueName\":\"search_term_string\"}}],\"inLanguage\":\"fi\"}]}<\/script>\n<!-- \/ Yoast SEO plugin. -->","yoast_head_json":{"title":"Ota yhteytt\u00e4 - M. Malmgren","robots":{"index":"index","follow":"follow","max-snippet":"max-snippet:-1","max-image-preview":"max-image-preview:large","max-video-preview":"max-video-preview:-1"},"canonical":"https:\/\/malmgren.fi\/?page_id=83","og_locale":"fi_FI","og_type":"article","og_title":"Ota yhteytt\u00e4 - M. Malmgren","og_description":"Ota yhteytt\u00e4","og_url":"https:\/\/malmgren.fi\/?page_id=83","og_site_name":"M. Malmgren","article_modified_time":"2025-12-12T16:45:27+00:00","twitter_card":"summary_large_image","twitter_misc":{"Arvioitu lukuaika":"1 minuutti"},"schema":{"@context":"https:\/\/schema.org","@graph":[{"@type":"WebPage","@id":"https:\/\/malmgren.fi\/?page_id=83","url":"https:\/\/malmgren.fi\/?page_id=83","name":"Ota yhteytt\u00e4 - M. Malmgren","isPartOf":{"@id":"https:\/\/malmgren.fi\/#website"},"datePublished":"2025-07-27T16:57:19+00:00","dateModified":"2025-12-12T16:45:27+00:00","breadcrumb":{"@id":"https:\/\/malmgren.fi\/?page_id=83#breadcrumb"},"inLanguage":"fi","potentialAction":[{"@type":"ReadAction","target":["https:\/\/malmgren.fi\/?page_id=83"]}]},{"@type":"BreadcrumbList","@id":"https:\/\/malmgren.fi\/?page_id=83#breadcrumb","itemListElement":[{"@type":"ListItem","position":1,"name":"Etusivu","item":"https:\/\/malmgren.fi\/"},{"@type":"ListItem","position":2,"name":"Ota yhteytt\u00e4"}]},{"@type":"WebSite","@id":"https:\/\/malmgren.fi\/#website","url":"https:\/\/malmgren.fi\/","name":"M. Malmgren","description":"","potentialAction":[{"@type":"SearchAction","target":{"@type":"EntryPoint","urlTemplate":"https:\/\/malmgren.fi\/?s={search_term_string}"},"query-input":{"@type":"PropertyValueSpecification","valueRequired":true,"valueName":"search_term_string"}}],"inLanguage":"fi"}]}},"_links":{"self":[{"href":"https:\/\/malmgren.fi\/index.php?rest_route=\/wp\/v2\/pages\/83","targetHints":{"allow":["GET"]}}],"collection":[{"href":"https:\/\/malmgren.fi\/index.php?rest_route=\/wp\/v2\/pages"}],"about":[{"href":"https:\/\/malmgren.fi\/index.php?rest_route=\/wp\/v2\/types\/page"}],"author":[{"embeddable":true,"href":"https:\/\/malmgren.fi\/index.php?rest_route=\/wp\/v2\/users\/1"}],"replies":[{"embeddable":true,"href":"https:\/\/malmgren.fi\/index.php?rest_route=%2Fwp%2Fv2%2Fcomments&post=83"}],"version-history":[{"count":22,"href":"https:\/\/malmgren.fi\/index.php?rest_route=\/wp\/v2\/pages\/83\/revisions"}],"predecessor-version":[{"id":221,"href":"https:\/\/malmgren.fi\/index.php?rest_route=\/wp\/v2\/pages\/83\/revisions\/221"}],"wp:attachment":[{"href":"https:\/\/malmgren.fi\/index.php?rest_route=%2Fwp%2Fv2%2Fmedia&parent=83"}],"curies":[{"name":"wp","href":"https:\/\/api.w.org\/{rel}","templated":true}]}}