{"id":183,"date":"2025-09-14T16:55:50","date_gmt":"2025-09-14T16:55:50","guid":{"rendered":"https:\/\/malmgren.fi\/?page_id=183"},"modified":"2025-12-12T16:49:46","modified_gmt":"2025-12-12T16:49:46","slug":"etusivu","status":"publish","type":"page","link":"https:\/\/malmgren.fi\/","title":{"rendered":"Etusivu"},"content":{"rendered":"<div class=\"wp-block-image\">\n<figure class=\"aligncenter size-large is-resized\"><img fetchpriority=\"high\" decoding=\"async\" width=\"683\" height=\"1024\" src=\"https:\/\/malmgren.fi\/wp-content\/uploads\/2025\/12\/Ammattimainen-ja-ystavallinen-ilme-683x1024.png\" alt=\"\" class=\"wp-image-209\" style=\"aspect-ratio:0.6669975186104219;width:268px;height:auto\" srcset=\"https:\/\/malmgren.fi\/wp-content\/uploads\/2025\/12\/Ammattimainen-ja-ystavallinen-ilme-683x1024.png 683w, https:\/\/malmgren.fi\/wp-content\/uploads\/2025\/12\/Ammattimainen-ja-ystavallinen-ilme-200x300.png 200w, https:\/\/malmgren.fi\/wp-content\/uploads\/2025\/12\/Ammattimainen-ja-ystavallinen-ilme-768x1152.png 768w, https:\/\/malmgren.fi\/wp-content\/uploads\/2025\/12\/Ammattimainen-ja-ystavallinen-ilme.png 1024w\" sizes=\"(max-width: 683px) 100vw, 683px\" \/><\/figure>\n<\/div>\n\n\n<p class=\"has-text-align-center\"><strong><mark style=\"background-color:rgba(0, 0, 0, 0)\" class=\"has-inline-color has-primary-color\">TALOUSOHJAUSTA JA KIRJANPITOA PIENYRITYKSILLE<\/mark><\/strong><\/p>\n\n\n\n<p><\/p>\n\n\n\n<p class=\"has-text-align-center\"><strong><mark style=\"background-color:rgba(0, 0, 0, 0)\" class=\"has-inline-color has-primary-color\">Mit\u00e4? <\/mark><\/strong><\/p>\n\n\n\n<p class=\"has-text-align-center\">Tarjoan talousohjausta ja kirjanpitoa pienyrityksille. Visioni on nostaa yritykset uudelle tasolle oman rakkaan lajini eli numeroiden kautta. Analysoin yrityksen luvut ja luon ymm\u00e4rrett\u00e4v\u00e4n analyysin yrityksen taloudellisesta tilanteesta. Tarjoan selke\u00e4\u00e4 taloudellista neuvonantoa perustuen yrityksen lukuihin ja tavoitteisiin.<\/p>\n\n\n\n<p class=\"has-text-align-center\"><\/p>\n\n\n\n<p class=\"has-text-align-center\"><strong><mark style=\"background-color:rgba(0, 0, 0, 0)\" class=\"has-inline-color has-primary-color\">Kuka? <\/mark><\/strong><\/p>\n\n\n\n<p class=\"has-text-align-center\">Se v\u00e4h\u00e4n nuorempi ja raikkaampi tuulahdus vanhan ajan kirjanpit\u00e4j\u00e4st\u00e4. Taustani on kirjanpidosta sek\u00e4 pankkimaailmasta. Koulutukseltani olen kauppatieteiden maisteri laskentatoimen ja rahoituksen p\u00e4\u00e4aineella. Olen intohimoinen excel-naputtelija ja syvennyn mielell\u00e4ni lukujen ja tilastojen maailmaan. Tavoitteeni on saada pienyritykset kasvuun ja luoda onnistumisia yritt\u00e4j\u00e4kollegoilleni. Min\u00e4 ymm\u00e4rr\u00e4n kirjanpidon, luvut ja datan, sin\u00e4 ymm\u00e4rr\u00e4t oman asiantuntija-alasi. Tehd\u00e4\u00e4n tavoitteistasi mahdollisia yhdess\u00e4!<\/p>\n\n\n\n<p><\/p>\n\n\n<div class=\"wp-block-image\">\n<figure class=\"aligncenter size-large is-resized\"><img decoding=\"async\" width=\"1024\" height=\"931\" src=\"https:\/\/malmgren.fi\/wp-content\/uploads\/2025\/09\/accodex-2376208_1280-1024x931.webp\" alt=\"\" class=\"wp-image-161\" style=\"aspect-ratio:1.0999363462762572;width:198px;height:auto\" srcset=\"https:\/\/malmgren.fi\/wp-content\/uploads\/2025\/09\/accodex-2376208_1280-1024x931.webp 1024w, https:\/\/malmgren.fi\/wp-content\/uploads\/2025\/09\/accodex-2376208_1280-300x273.webp 300w, https:\/\/malmgren.fi\/wp-content\/uploads\/2025\/09\/accodex-2376208_1280-768x698.webp 768w, https:\/\/malmgren.fi\/wp-content\/uploads\/2025\/09\/accodex-2376208_1280.webp 1280w\" sizes=\"(max-width: 1024px) 100vw, 1024px\" \/><\/figure>\n<\/div>\n\n\n<p><\/p>\n\n\n\n<p class=\"has-text-align-center\"><strong><mark style=\"background-color:rgba(0, 0, 0, 0)\" class=\"has-inline-color has-primary-color\">Miten? <\/mark><\/strong><\/p>\n\n\n\n<p class=\"has-text-align-center\">Keskustellaan yhdess\u00e4 ensin yrityksen tilanteesta sek\u00e4 tarpeista ja luodaan sopiva  palvelukokonaisuus. Kokonaisuuteen vaikuttaa moni seikka, kuten yrityksen toimiala, yritt\u00e4j\u00e4n tarpeet ja yhteisty\u00f6n laajuus. Tarjoan tilanteesta riippuen kirjanpitoa ja\/tai talousneuvontaa ja analyysej\u00e4. Kertaluonteiset analyysit sis\u00e4lt\u00e4v\u00e4t esimerkiksi perinteist\u00e4 tunnuslukujen laskentaa ja niiden taustoitusta. Laajempi tai pidempiaikainen yhteisty\u00f6 sis\u00e4lt\u00e4\u00e4 kuukausittaista, kvartaalittaista tai vuosittaista kirjanpidon tai talousneuvonnan kokonaisuutta, kuten raporttien ja analyysien laadintaa. Analyysit ja raportit k\u00e4yd\u00e4\u00e4n aina yhdess\u00e4 l\u00e4pi ja selit\u00e4n luvut auki. Minun kanssani on aina tilaa kysymyksille ja niit\u00e4 toivotaan!<\/p>\n\n\n\n<p><\/p>\n\n\n\n<p class=\"has-text-align-center\"><strong><mark style=\"background-color:rgba(0, 0, 0, 0)\" class=\"has-inline-color has-primary-color\">Miksi?<\/mark><\/strong><\/p>\n\n\n\n<p class=\"has-text-align-center\">Kirjanpito ja yrityksen talous n\u00e4hd\u00e4\u00e4n usein ik\u00e4v\u00e4n\u00e4 pakkopullana &#8211; verottaja kun k\u00e4skee. Haluan luoda yrityksen talouden luvuista ja seurannasta mielenkiintoisten tapahtuman, jota odotat innolla! Puetaan yrityksesi talous lukujen kautta tilastoihin ja k\u00e4ppyr\u00f6ihin, jotka auttavat tavoitteidesi saavuttamisessa. Palaveri kirjanpit\u00e4j\u00e4n ja talousneuvojan kanssa onkin jatkossa se keskustelu mit\u00e4 et malta odottaa!<\/p>\n\n\n<div class=\"wp-block-image\">\n<figure class=\"aligncenter size-large is-resized\"><img decoding=\"async\" width=\"1024\" height=\"734\" src=\"https:\/\/malmgren.fi\/wp-content\/uploads\/2025\/09\/data-7681497_1280-1024x734.webp\" alt=\"\" class=\"wp-image-187\" style=\"width:424px;height:auto\" srcset=\"https:\/\/malmgren.fi\/wp-content\/uploads\/2025\/09\/data-7681497_1280-1024x734.webp 1024w, https:\/\/malmgren.fi\/wp-content\/uploads\/2025\/09\/data-7681497_1280-300x215.webp 300w, https:\/\/malmgren.fi\/wp-content\/uploads\/2025\/09\/data-7681497_1280-768x550.webp 768w, https:\/\/malmgren.fi\/wp-content\/uploads\/2025\/09\/data-7681497_1280.webp 1280w\" sizes=\"(max-width: 1024px) 100vw, 1024px\" \/><\/figure>\n<\/div>\n\n\n<p class=\"has-text-align-center\"><strong><mark style=\"background-color:rgba(0, 0, 0, 0)\" class=\"has-inline-color has-primary-color\">Milloin?<\/mark><\/strong><\/p>\n\n\n\n<p class=\"has-text-align-center\">Soita 0445930222 tai laita viesti\u00e4 Ota yhteytt\u00e4 -osion kautta vaikka heti, niin sovitaan treffit tai k\u00e4yd\u00e4\u00e4n puhelimitse ensimm\u00e4iset ajatukset l\u00e4pi.<\/p>\n\n\n\n<p><\/p>\n","protected":false},"excerpt":{"rendered":"<p>TALOUSOHJAUSTA JA KIRJANPITOA PIENYRITYKSILLE Mit\u00e4? Tarjoan talousohjausta ja kirjanpitoa pienyrityksille. Visioni on nostaa yritykset uudelle tasolle oman rakkaan lajini eli numeroiden kautta. Analysoin yrityksen luvut ja luon ymm\u00e4rrett\u00e4v\u00e4n analyysin yrityksen taloudellisesta tilanteesta. Tarjoan selke\u00e4\u00e4 taloudellista neuvonantoa perustuen yrityksen lukuihin ja tavoitteisiin. Kuka? Se v\u00e4h\u00e4n nuorempi ja raikkaampi tuulahdus vanhan ajan kirjanpit\u00e4j\u00e4st\u00e4. Taustani on kirjanpidosta sek\u00e4 [&hellip;]<\/p>\n","protected":false},"author":1,"featured_media":0,"parent":0,"menu_order":0,"comment_status":"closed","ping_status":"closed","template":"","meta":{"hide_page_title":"","footnotes":""},"class_list":["post-183","page","type-page","status-publish","hentry"],"yoast_head":"<!-- This site is optimized with the Yoast SEO plugin v27.4 - https:\/\/yoast.com\/product\/yoast-seo-wordpress\/ -->\n<title>M. Malmgren<\/title>\n<meta name=\"description\" content=\"Talousneuvontaa, yritysanalyysej\u00e4 sek\u00e4 yrityksen lukujen tulkintaa ja sparrausapua pienille ja keskisuurille yrityksille.\" \/>\n<meta name=\"robots\" content=\"index, follow, max-snippet:-1, max-image-preview:large, max-video-preview:-1\" \/>\n<link rel=\"canonical\" href=\"https:\/\/malmgren.fi\/\" \/>\n<meta property=\"og:locale\" content=\"fi_FI\" \/>\n<meta property=\"og:type\" content=\"article\" \/>\n<meta property=\"og:title\" content=\"M. Malmgren\" \/>\n<meta property=\"og:description\" content=\"Talousneuvontaa, yritysanalyysej\u00e4 sek\u00e4 yrityksen lukujen tulkintaa ja sparrausapua pienille ja keskisuurille yrityksille.\" \/>\n<meta property=\"og:url\" content=\"https:\/\/malmgren.fi\/\" \/>\n<meta property=\"og:site_name\" content=\"M. Malmgren\" \/>\n<meta property=\"article:modified_time\" content=\"2025-12-12T16:49:46+00:00\" \/>\n<meta property=\"og:image\" content=\"https:\/\/malmgren.fi\/wp-content\/uploads\/2025\/12\/Ammattimainen-ja-ystavallinen-ilme.png\" \/>\n\t<meta property=\"og:image:width\" content=\"1024\" \/>\n\t<meta property=\"og:image:height\" content=\"1536\" \/>\n\t<meta property=\"og:image:type\" content=\"image\/png\" \/>\n<meta name=\"twitter:card\" content=\"summary_large_image\" \/>\n<meta name=\"twitter:label1\" content=\"Arvioitu lukuaika\" \/>\n\t<meta name=\"twitter:data1\" content=\"3 minuuttia\" \/>\n<script type=\"application\/ld+json\" class=\"yoast-schema-graph\">{\"@context\":\"https:\\\/\\\/schema.org\",\"@graph\":[{\"@type\":\"WebPage\",\"@id\":\"https:\\\/\\\/malmgren.fi\\\/\",\"url\":\"https:\\\/\\\/malmgren.fi\\\/\",\"name\":\"M. Malmgren\",\"isPartOf\":{\"@id\":\"https:\\\/\\\/malmgren.fi\\\/#website\"},\"primaryImageOfPage\":{\"@id\":\"https:\\\/\\\/malmgren.fi\\\/#primaryimage\"},\"image\":{\"@id\":\"https:\\\/\\\/malmgren.fi\\\/#primaryimage\"},\"thumbnailUrl\":\"https:\\\/\\\/malmgren.fi\\\/wp-content\\\/uploads\\\/2025\\\/12\\\/Ammattimainen-ja-ystavallinen-ilme-683x1024.png\",\"datePublished\":\"2025-09-14T16:55:50+00:00\",\"dateModified\":\"2025-12-12T16:49:46+00:00\",\"description\":\"Talousneuvontaa, yritysanalyysej\u00e4 sek\u00e4 yrityksen lukujen tulkintaa ja sparrausapua pienille ja keskisuurille yrityksille.\",\"breadcrumb\":{\"@id\":\"https:\\\/\\\/malmgren.fi\\\/#breadcrumb\"},\"inLanguage\":\"fi\",\"potentialAction\":[{\"@type\":\"ReadAction\",\"target\":[\"https:\\\/\\\/malmgren.fi\\\/\"]}]},{\"@type\":\"ImageObject\",\"inLanguage\":\"fi\",\"@id\":\"https:\\\/\\\/malmgren.fi\\\/#primaryimage\",\"url\":\"https:\\\/\\\/malmgren.fi\\\/wp-content\\\/uploads\\\/2025\\\/12\\\/Ammattimainen-ja-ystavallinen-ilme.png\",\"contentUrl\":\"https:\\\/\\\/malmgren.fi\\\/wp-content\\\/uploads\\\/2025\\\/12\\\/Ammattimainen-ja-ystavallinen-ilme.png\",\"width\":1024,\"height\":1536},{\"@type\":\"BreadcrumbList\",\"@id\":\"https:\\\/\\\/malmgren.fi\\\/#breadcrumb\",\"itemListElement\":[{\"@type\":\"ListItem\",\"position\":1,\"name\":\"Etusivu\",\"item\":\"https:\\\/\\\/malmgren.fi\\\/\"},{\"@type\":\"ListItem\",\"position\":2,\"name\":\"Etusivu\"}]},{\"@type\":\"WebSite\",\"@id\":\"https:\\\/\\\/malmgren.fi\\\/#website\",\"url\":\"https:\\\/\\\/malmgren.fi\\\/\",\"name\":\"M. Malmgren\",\"description\":\"\",\"potentialAction\":[{\"@type\":\"SearchAction\",\"target\":{\"@type\":\"EntryPoint\",\"urlTemplate\":\"https:\\\/\\\/malmgren.fi\\\/?s={search_term_string}\"},\"query-input\":{\"@type\":\"PropertyValueSpecification\",\"valueRequired\":true,\"valueName\":\"search_term_string\"}}],\"inLanguage\":\"fi\"}]}<\/script>\n<!-- \/ Yoast SEO plugin. -->","yoast_head_json":{"title":"M. Malmgren","description":"Talousneuvontaa, yritysanalyysej\u00e4 sek\u00e4 yrityksen lukujen tulkintaa ja sparrausapua pienille ja keskisuurille yrityksille.","robots":{"index":"index","follow":"follow","max-snippet":"max-snippet:-1","max-image-preview":"max-image-preview:large","max-video-preview":"max-video-preview:-1"},"canonical":"https:\/\/malmgren.fi\/","og_locale":"fi_FI","og_type":"article","og_title":"M. Malmgren","og_description":"Talousneuvontaa, yritysanalyysej\u00e4 sek\u00e4 yrityksen lukujen tulkintaa ja sparrausapua pienille ja keskisuurille yrityksille.","og_url":"https:\/\/malmgren.fi\/","og_site_name":"M. Malmgren","article_modified_time":"2025-12-12T16:49:46+00:00","og_image":[{"width":1024,"height":1536,"url":"https:\/\/malmgren.fi\/wp-content\/uploads\/2025\/12\/Ammattimainen-ja-ystavallinen-ilme.png","type":"image\/png"}],"twitter_card":"summary_large_image","twitter_misc":{"Arvioitu lukuaika":"3 minuuttia"},"schema":{"@context":"https:\/\/schema.org","@graph":[{"@type":"WebPage","@id":"https:\/\/malmgren.fi\/","url":"https:\/\/malmgren.fi\/","name":"M. Malmgren","isPartOf":{"@id":"https:\/\/malmgren.fi\/#website"},"primaryImageOfPage":{"@id":"https:\/\/malmgren.fi\/#primaryimage"},"image":{"@id":"https:\/\/malmgren.fi\/#primaryimage"},"thumbnailUrl":"https:\/\/malmgren.fi\/wp-content\/uploads\/2025\/12\/Ammattimainen-ja-ystavallinen-ilme-683x1024.png","datePublished":"2025-09-14T16:55:50+00:00","dateModified":"2025-12-12T16:49:46+00:00","description":"Talousneuvontaa, yritysanalyysej\u00e4 sek\u00e4 yrityksen lukujen tulkintaa ja sparrausapua pienille ja keskisuurille yrityksille.","breadcrumb":{"@id":"https:\/\/malmgren.fi\/#breadcrumb"},"inLanguage":"fi","potentialAction":[{"@type":"ReadAction","target":["https:\/\/malmgren.fi\/"]}]},{"@type":"ImageObject","inLanguage":"fi","@id":"https:\/\/malmgren.fi\/#primaryimage","url":"https:\/\/malmgren.fi\/wp-content\/uploads\/2025\/12\/Ammattimainen-ja-ystavallinen-ilme.png","contentUrl":"https:\/\/malmgren.fi\/wp-content\/uploads\/2025\/12\/Ammattimainen-ja-ystavallinen-ilme.png","width":1024,"height":1536},{"@type":"BreadcrumbList","@id":"https:\/\/malmgren.fi\/#breadcrumb","itemListElement":[{"@type":"ListItem","position":1,"name":"Etusivu","item":"https:\/\/malmgren.fi\/"},{"@type":"ListItem","position":2,"name":"Etusivu"}]},{"@type":"WebSite","@id":"https:\/\/malmgren.fi\/#website","url":"https:\/\/malmgren.fi\/","name":"M. Malmgren","description":"","potentialAction":[{"@type":"SearchAction","target":{"@type":"EntryPoint","urlTemplate":"https:\/\/malmgren.fi\/?s={search_term_string}"},"query-input":{"@type":"PropertyValueSpecification","valueRequired":true,"valueName":"search_term_string"}}],"inLanguage":"fi"}]}},"_links":{"self":[{"href":"https:\/\/malmgren.fi\/index.php?rest_route=\/wp\/v2\/pages\/183","targetHints":{"allow":["GET"]}}],"collection":[{"href":"https:\/\/malmgren.fi\/index.php?rest_route=\/wp\/v2\/pages"}],"about":[{"href":"https:\/\/malmgren.fi\/index.php?rest_route=\/wp\/v2\/types\/page"}],"author":[{"embeddable":true,"href":"https:\/\/malmgren.fi\/index.php?rest_route=\/wp\/v2\/users\/1"}],"replies":[{"embeddable":true,"href":"https:\/\/malmgren.fi\/index.php?rest_route=%2Fwp%2Fv2%2Fcomments&post=183"}],"version-history":[{"count":10,"href":"https:\/\/malmgren.fi\/index.php?rest_route=\/wp\/v2\/pages\/183\/revisions"}],"predecessor-version":[{"id":225,"href":"https:\/\/malmgren.fi\/index.php?rest_route=\/wp\/v2\/pages\/183\/revisions\/225"}],"wp:attachment":[{"href":"https:\/\/malmgren.fi\/index.php?rest_route=%2Fwp%2Fv2%2Fmedia&parent=183"}],"curies":[{"name":"wp","href":"https:\/\/api.w.org\/{rel}","templated":true}]}}