{"id":168,"date":"2025-09-14T10:11:20","date_gmt":"2025-09-14T10:11:20","guid":{"rendered":"https:\/\/malmgren.fi\/?page_id=168"},"modified":"2025-12-12T15:33:21","modified_gmt":"2025-12-12T15:33:21","slug":"palvelut","status":"publish","type":"page","link":"https:\/\/malmgren.fi\/?page_id=168","title":{"rendered":"Palvelut"},"content":{"rendered":"\n\n<div class=\"wp-block-image\">\n<figure class=\"aligncenter size-large is-resized\"><img fetchpriority=\"high\" decoding=\"async\" width=\"1024\" height=\"767\" src=\"https:\/\/malmgren.fi\/wp-content\/uploads\/2025\/09\/accounting-1928237_1280-1024x767.webp\" alt=\"\" class=\"wp-image-186\" style=\"width:480px;height:auto\" srcset=\"https:\/\/malmgren.fi\/wp-content\/uploads\/2025\/09\/accounting-1928237_1280-1024x767.webp 1024w, https:\/\/malmgren.fi\/wp-content\/uploads\/2025\/09\/accounting-1928237_1280-300x225.webp 300w, https:\/\/malmgren.fi\/wp-content\/uploads\/2025\/09\/accounting-1928237_1280-768x575.webp 768w, https:\/\/malmgren.fi\/wp-content\/uploads\/2025\/09\/accounting-1928237_1280.webp 1280w\" sizes=\"(max-width: 1024px) 100vw, 1024px\" \/><\/figure>\n<\/div>\n\n\n<p class=\"has-text-align-center\"><strong>Kerro lis\u00e4\u00e4 analyyseist\u00e4 ja raporteista?<\/strong><\/p>\n\n\n\n<div class=\"wp-block-group\"><div class=\"wp-block-group__inner-container is-layout-constrained wp-block-group-is-layout-constrained\">\n<p class=\"has-text-align-center\">Perinteisemm\u00e4t analyysit ja raportit soveltuvat l\u00e4hes kaikille. Raporteissa on kuitenkin toimiala- ja yrityskohtaisia eroja. Yritykset ja yritt\u00e4j\u00e4t ovat uniikkeja ja se mik\u00e4 toimii toiselle ei v\u00e4ltt\u00e4m\u00e4tt\u00e4 toimi toiselle. Otan asiakkaan huomioon yksil\u00f6n\u00e4 ja suosittelen analyysej\u00e4 perustuen toimialaan, yrityksen kokoon, markkinaan, tavoitteisiin jne. Alla eriteltyn\u00e4 perinteiset raportti ja analyysikokonaisuudet. <\/p>\n<\/div><\/div>\n\n\n\n<p><\/p>\n\n\n\n<p><\/p>\n\n\n\n<p><\/p>\n\n\n\n<div class=\"wp-block-group\"><div class=\"wp-block-group__inner-container is-layout-constrained wp-block-group-is-layout-constrained\">\n<figure class=\"wp-block-table is-style-regular\"><table class=\"has-fixed-layout\"><tbody><tr><td><mark style=\"background-color:rgba(0, 0, 0, 0)\" class=\"has-inline-color has-primary-color\">Perinteinen tilinp\u00e4\u00e4t\u00f6sanalyysi<\/mark><\/td><td><br>Tilinp\u00e4\u00e4t\u00f6ksen lukujen perusteella tuotettu analyysi:<br>Tuloksen, vakavaraisuuden ja kannattavuuden analysointi ja<br>vertailu aiempiin vuosiin.<br>Visuaalinen raportti sek\u00e4 sparrauskeskustelua luvuista ja tavoitteista.<\/td><\/tr><tr><td>Kannattavuus- ja kustannuslaskenta<\/td><td><br>Tuotteiden, palveluiden tai asiakaskohtainen analyysi kannattavuudesta. Sis\u00e4lt\u00e4\u00e4 esimerkiksi katetuottolaskentaa, break-even-analyysin ja selkeit\u00e4 suosituksia.<\/td><\/tr><tr><td>Kilpailija-analyysi<\/td><td><br>Analyysi 1\u20133 kilpailijasta tilinp\u00e4\u00e4t\u00f6stietojen perusteella. Tunnuslukujen vertailu ja n\u00e4kemys siit\u00e4, miss\u00e4 kilpailu ja kilpailijasi menee ja miten voit erottua.<\/td><\/tr><tr><td>Kuukausiseuranta<\/td><td><br>S\u00e4\u00e4nn\u00f6llinen raportointi valituista luvuista + sparrauspalaveri kuukausittain, kvartaaleittain tai vuosittain. Sopii yritt\u00e4jille, joka haluaa kasvaa hallitusti ja seurata kannattavuutta tarkemmin.<\/td><\/tr><\/tbody><\/table><\/figure>\n<\/div><\/div>\n\n\n\n<p><\/p>\n\n\n\n<p class=\"has-text-align-center\"><strong>Ent\u00e4, jos raportti ei miellyt\u00e4?<\/strong><\/p>\n\n\n\n<p class=\"has-text-align-center\">Pyrin aina olemaan huolellinen, selitt\u00e4m\u00e4\u00e4n asiat selke\u00e4sti ja ymm\u00e4rrett\u00e4v\u00e4sti sek\u00e4 ennen kaikkea luomaan arvoa luvuista. Alkukartoituksen teht\u00e4v\u00e4 on saattaa meid\u00e4t samalle sivulle siit\u00e4 mit\u00e4 raporteilla ja analyysill\u00e4 voidaan saavuttaa ja mik\u00e4 on mahdollista saatavilla olevilla tiedoilla. <\/p>\n\n\n\n<p class=\"has-text-align-center\">Tavoitteeni on nostaa yritt\u00e4j\u00e4n omaa tietoisuutta luvuistaan, mahdollisuuksistaan, tulevaisuuden tavoitteista ja linkitt\u00e4\u00e4 lukuja strategian ja vision kanssa linjaan. Koen paloa saada pienyrityksiin potkua nousta seuraavalle tasolle ja siksi k\u00e4yt\u00e4n analyyseihin huolellisesti aikaa ja ajatusta, jotta raporteistani ja sparrauksesta olisi konkreettista hy\u00f6ty\u00e4.<\/p>\n\n\n\n<p><\/p>\n\n\n\n<p class=\"has-text-align-center\"><strong>Pelkk\u00e4\u00e4 kirjanpitoa, kiitos!<\/strong><\/p>\n\n\n\n<p class=\"has-text-align-center\">Onnistuu. Pienyritt\u00e4jille riitt\u00e4\u00e4 joskus pelkk\u00e4 vuosittainen tai kuukausittainen kirjanpito ja tilinp\u00e4\u00e4t\u00f6s. Jutellaan olisiko se paras vaihtoehto sinulle.<\/p>\n\n\n\n<p><\/p>\n","protected":false},"excerpt":{"rendered":"<p>Kerro lis\u00e4\u00e4 analyyseist\u00e4 ja raporteista? Perinteisemm\u00e4t analyysit ja raportit soveltuvat l\u00e4hes kaikille. Raporteissa on kuitenkin toimiala- ja yrityskohtaisia eroja. Yritykset ja yritt\u00e4j\u00e4t ovat uniikkeja ja se mik\u00e4 toimii toiselle ei v\u00e4ltt\u00e4m\u00e4tt\u00e4 toimi toiselle. Otan asiakkaan huomioon yksil\u00f6n\u00e4 ja suosittelen analyysej\u00e4 perustuen toimialaan, yrityksen kokoon, markkinaan, tavoitteisiin jne. Alla eriteltyn\u00e4 perinteiset raportti ja analyysikokonaisuudet. Perinteinen tilinp\u00e4\u00e4t\u00f6sanalyysi [&hellip;]<\/p>\n","protected":false},"author":1,"featured_media":0,"parent":0,"menu_order":1,"comment_status":"closed","ping_status":"closed","template":"","meta":{"hide_page_title":"","footnotes":""},"class_list":["post-168","page","type-page","status-publish","hentry"],"yoast_head":"<!-- This site is optimized with the Yoast SEO plugin v27.4 - https:\/\/yoast.com\/product\/yoast-seo-wordpress\/ -->\n<title>Palvelut - M. Malmgren<\/title>\n<meta name=\"description\" content=\"Kirjanpitoa ja talousneuvontaa pienyrityksille. Perinteist\u00e4 tilinp\u00e4\u00e4t\u00f6sanalyysi\u00e4, kertaluonteista tai jatkuvaa kannattavuus- tai kustannuslaskentaa. Jutellaan yhdess\u00e4 mit\u00e4 olisi paras palvelukokonaisuus sinulle. %\" \/>\n<meta name=\"robots\" content=\"index, follow, max-snippet:-1, max-image-preview:large, max-video-preview:-1\" \/>\n<link rel=\"canonical\" href=\"https:\/\/malmgren.fi\/?page_id=168\" \/>\n<meta property=\"og:locale\" content=\"fi_FI\" \/>\n<meta property=\"og:type\" content=\"article\" \/>\n<meta property=\"og:title\" content=\"Palvelut - M. Malmgren\" \/>\n<meta property=\"og:description\" content=\"Kirjanpitoa ja talousneuvontaa pienyrityksille. Perinteist\u00e4 tilinp\u00e4\u00e4t\u00f6sanalyysi\u00e4, kertaluonteista tai jatkuvaa kannattavuus- tai kustannuslaskentaa. Jutellaan yhdess\u00e4 mit\u00e4 olisi paras palvelukokonaisuus sinulle. %\" \/>\n<meta property=\"og:url\" content=\"https:\/\/malmgren.fi\/?page_id=168\" \/>\n<meta property=\"og:site_name\" content=\"M. Malmgren\" \/>\n<meta property=\"article:modified_time\" content=\"2025-12-12T15:33:21+00:00\" \/>\n<meta property=\"og:image\" content=\"https:\/\/malmgren.fi\/wp-content\/uploads\/2025\/09\/accounting-1928237_1280.webp\" \/>\n\t<meta property=\"og:image:width\" content=\"1280\" \/>\n\t<meta property=\"og:image:height\" content=\"959\" \/>\n\t<meta property=\"og:image:type\" content=\"image\/webp\" \/>\n<meta name=\"twitter:card\" content=\"summary_large_image\" \/>\n<meta name=\"twitter:label1\" content=\"Arvioitu lukuaika\" \/>\n\t<meta name=\"twitter:data1\" content=\"4 minuuttia\" \/>\n<script type=\"application\/ld+json\" class=\"yoast-schema-graph\">{\"@context\":\"https:\\\/\\\/schema.org\",\"@graph\":[{\"@type\":\"WebPage\",\"@id\":\"https:\\\/\\\/malmgren.fi\\\/?page_id=168\",\"url\":\"https:\\\/\\\/malmgren.fi\\\/?page_id=168\",\"name\":\"Palvelut - M. Malmgren\",\"isPartOf\":{\"@id\":\"https:\\\/\\\/malmgren.fi\\\/#website\"},\"primaryImageOfPage\":{\"@id\":\"https:\\\/\\\/malmgren.fi\\\/?page_id=168#primaryimage\"},\"image\":{\"@id\":\"https:\\\/\\\/malmgren.fi\\\/?page_id=168#primaryimage\"},\"thumbnailUrl\":\"https:\\\/\\\/malmgren.fi\\\/wp-content\\\/uploads\\\/2025\\\/09\\\/accounting-1928237_1280-1024x767.webp\",\"datePublished\":\"2025-09-14T10:11:20+00:00\",\"dateModified\":\"2025-12-12T15:33:21+00:00\",\"description\":\"Kirjanpitoa ja talousneuvontaa pienyrityksille. Perinteist\u00e4 tilinp\u00e4\u00e4t\u00f6sanalyysi\u00e4, kertaluonteista tai jatkuvaa kannattavuus- tai kustannuslaskentaa. Jutellaan yhdess\u00e4 mit\u00e4 olisi paras palvelukokonaisuus sinulle. %\",\"breadcrumb\":{\"@id\":\"https:\\\/\\\/malmgren.fi\\\/?page_id=168#breadcrumb\"},\"inLanguage\":\"fi\",\"potentialAction\":[{\"@type\":\"ReadAction\",\"target\":[\"https:\\\/\\\/malmgren.fi\\\/?page_id=168\"]}]},{\"@type\":\"ImageObject\",\"inLanguage\":\"fi\",\"@id\":\"https:\\\/\\\/malmgren.fi\\\/?page_id=168#primaryimage\",\"url\":\"https:\\\/\\\/malmgren.fi\\\/wp-content\\\/uploads\\\/2025\\\/09\\\/accounting-1928237_1280.webp\",\"contentUrl\":\"https:\\\/\\\/malmgren.fi\\\/wp-content\\\/uploads\\\/2025\\\/09\\\/accounting-1928237_1280.webp\",\"width\":1280,\"height\":959},{\"@type\":\"BreadcrumbList\",\"@id\":\"https:\\\/\\\/malmgren.fi\\\/?page_id=168#breadcrumb\",\"itemListElement\":[{\"@type\":\"ListItem\",\"position\":1,\"name\":\"Etusivu\",\"item\":\"https:\\\/\\\/malmgren.fi\\\/\"},{\"@type\":\"ListItem\",\"position\":2,\"name\":\"Palvelut\"}]},{\"@type\":\"WebSite\",\"@id\":\"https:\\\/\\\/malmgren.fi\\\/#website\",\"url\":\"https:\\\/\\\/malmgren.fi\\\/\",\"name\":\"M. Malmgren\",\"description\":\"\",\"potentialAction\":[{\"@type\":\"SearchAction\",\"target\":{\"@type\":\"EntryPoint\",\"urlTemplate\":\"https:\\\/\\\/malmgren.fi\\\/?s={search_term_string}\"},\"query-input\":{\"@type\":\"PropertyValueSpecification\",\"valueRequired\":true,\"valueName\":\"search_term_string\"}}],\"inLanguage\":\"fi\"}]}<\/script>\n<!-- \/ Yoast SEO plugin. -->","yoast_head_json":{"title":"Palvelut - M. Malmgren","description":"Kirjanpitoa ja talousneuvontaa pienyrityksille. Perinteist\u00e4 tilinp\u00e4\u00e4t\u00f6sanalyysi\u00e4, kertaluonteista tai jatkuvaa kannattavuus- tai kustannuslaskentaa. Jutellaan yhdess\u00e4 mit\u00e4 olisi paras palvelukokonaisuus sinulle. %","robots":{"index":"index","follow":"follow","max-snippet":"max-snippet:-1","max-image-preview":"max-image-preview:large","max-video-preview":"max-video-preview:-1"},"canonical":"https:\/\/malmgren.fi\/?page_id=168","og_locale":"fi_FI","og_type":"article","og_title":"Palvelut - M. Malmgren","og_description":"Kirjanpitoa ja talousneuvontaa pienyrityksille. Perinteist\u00e4 tilinp\u00e4\u00e4t\u00f6sanalyysi\u00e4, kertaluonteista tai jatkuvaa kannattavuus- tai kustannuslaskentaa. Jutellaan yhdess\u00e4 mit\u00e4 olisi paras palvelukokonaisuus sinulle. %","og_url":"https:\/\/malmgren.fi\/?page_id=168","og_site_name":"M. Malmgren","article_modified_time":"2025-12-12T15:33:21+00:00","og_image":[{"width":1280,"height":959,"url":"https:\/\/malmgren.fi\/wp-content\/uploads\/2025\/09\/accounting-1928237_1280.webp","type":"image\/webp"}],"twitter_card":"summary_large_image","twitter_misc":{"Arvioitu lukuaika":"4 minuuttia"},"schema":{"@context":"https:\/\/schema.org","@graph":[{"@type":"WebPage","@id":"https:\/\/malmgren.fi\/?page_id=168","url":"https:\/\/malmgren.fi\/?page_id=168","name":"Palvelut - M. Malmgren","isPartOf":{"@id":"https:\/\/malmgren.fi\/#website"},"primaryImageOfPage":{"@id":"https:\/\/malmgren.fi\/?page_id=168#primaryimage"},"image":{"@id":"https:\/\/malmgren.fi\/?page_id=168#primaryimage"},"thumbnailUrl":"https:\/\/malmgren.fi\/wp-content\/uploads\/2025\/09\/accounting-1928237_1280-1024x767.webp","datePublished":"2025-09-14T10:11:20+00:00","dateModified":"2025-12-12T15:33:21+00:00","description":"Kirjanpitoa ja talousneuvontaa pienyrityksille. Perinteist\u00e4 tilinp\u00e4\u00e4t\u00f6sanalyysi\u00e4, kertaluonteista tai jatkuvaa kannattavuus- tai kustannuslaskentaa. Jutellaan yhdess\u00e4 mit\u00e4 olisi paras palvelukokonaisuus sinulle. %","breadcrumb":{"@id":"https:\/\/malmgren.fi\/?page_id=168#breadcrumb"},"inLanguage":"fi","potentialAction":[{"@type":"ReadAction","target":["https:\/\/malmgren.fi\/?page_id=168"]}]},{"@type":"ImageObject","inLanguage":"fi","@id":"https:\/\/malmgren.fi\/?page_id=168#primaryimage","url":"https:\/\/malmgren.fi\/wp-content\/uploads\/2025\/09\/accounting-1928237_1280.webp","contentUrl":"https:\/\/malmgren.fi\/wp-content\/uploads\/2025\/09\/accounting-1928237_1280.webp","width":1280,"height":959},{"@type":"BreadcrumbList","@id":"https:\/\/malmgren.fi\/?page_id=168#breadcrumb","itemListElement":[{"@type":"ListItem","position":1,"name":"Etusivu","item":"https:\/\/malmgren.fi\/"},{"@type":"ListItem","position":2,"name":"Palvelut"}]},{"@type":"WebSite","@id":"https:\/\/malmgren.fi\/#website","url":"https:\/\/malmgren.fi\/","name":"M. Malmgren","description":"","potentialAction":[{"@type":"SearchAction","target":{"@type":"EntryPoint","urlTemplate":"https:\/\/malmgren.fi\/?s={search_term_string}"},"query-input":{"@type":"PropertyValueSpecification","valueRequired":true,"valueName":"search_term_string"}}],"inLanguage":"fi"}]}},"_links":{"self":[{"href":"https:\/\/malmgren.fi\/index.php?rest_route=\/wp\/v2\/pages\/168","targetHints":{"allow":["GET"]}}],"collection":[{"href":"https:\/\/malmgren.fi\/index.php?rest_route=\/wp\/v2\/pages"}],"about":[{"href":"https:\/\/malmgren.fi\/index.php?rest_route=\/wp\/v2\/types\/page"}],"author":[{"embeddable":true,"href":"https:\/\/malmgren.fi\/index.php?rest_route=\/wp\/v2\/users\/1"}],"replies":[{"embeddable":true,"href":"https:\/\/malmgren.fi\/index.php?rest_route=%2Fwp%2Fv2%2Fcomments&post=168"}],"version-history":[{"count":4,"href":"https:\/\/malmgren.fi\/index.php?rest_route=\/wp\/v2\/pages\/168\/revisions"}],"predecessor-version":[{"id":203,"href":"https:\/\/malmgren.fi\/index.php?rest_route=\/wp\/v2\/pages\/168\/revisions\/203"}],"wp:attachment":[{"href":"https:\/\/malmgren.fi\/index.php?rest_route=%2Fwp%2Fv2%2Fmedia&parent=168"}],"curies":[{"name":"wp","href":"https:\/\/api.w.org\/{rel}","templated":true}]}}